{"id":23595,"date":"2023-03-23T11:09:03","date_gmt":"2023-03-23T09:09:03","guid":{"rendered":"https:\/\/pulanna.ee\/?page_id=23595"},"modified":"2023-03-23T11:09:05","modified_gmt":"2023-03-23T09:09:05","slug":"esto-rassrochka","status":"publish","type":"page","link":"https:\/\/pulanna.ee\/ru\/esto-rassrochka\/","title":{"rendered":"ESTO \u0440\u0430\u0441\u0441\u0440\u043e\u0447\u043a\u0430"},"content":{"rendered":"\n<p><img loading=\"lazy\" decoding=\"async\" class=\"double-margin alignnone wp-image-23574\" src=\"https:\/\/pulanna.ee\/app\/uploads\/2023\/03\/esto-jarlemaks.png\" alt=\"\" width=\"500\" height=\"262\"><\/p>\n<p class=\"p1 lead\">Ei soovi maksta kogu summat korraga? Maksa osamaksete kaupa!<\/p>\n<p class=\"p2\">ESTO<span class=\"Apple-converted-space\">&nbsp; <\/span>j\u00e4relmaksu puhul on tegemist \u00fclimalt kiire ning mugava makselahendusega, mis aitab koostada sulle sinu poolt valitud perioodi alusel maksegraafiku. Makselahendus teeb otsuse reaalajas ning aitab ostu sooritada v\u00e4hem kui 60 sekundiga.<\/p>\n<p class=\"p2\">Lisa sobivad tooted ostukorvi, kinnita oma tellimus ning vali makseviisidest ESTO j\u00e4relmaks. Ostu kinnitamisel vali endale sobiv periood, igakuise osamakse suurus ning digiallkirjasta mugavalt ID-kaardi, Smart-ID v\u00f5i Mobiili-ID abil.<\/p>\n<ul class=\"ul1 list-dash\">\n<li class=\"li3\">ESTO j\u00e4relmaksu saavad taotleda k\u00f5ik 18-70. aastased Eesti Vabariigi kodanikud.<\/li>\n<li class=\"li3\">ESTO j\u00e4relmaksu on v\u00f5imalik vormistada kiirelt ja mugavalt ka juriidilisele isikule.<\/li>\n<li class=\"li2\">ESTO j\u00e4relmaksu pakub ja haldab ESTO AS.&nbsp;<\/li>\n<\/ul>\n<p class=\"p4 double-margin\"><span class=\"s1\"><b>T\u00c4HELEPANU! <\/b><\/span>Iga finantsotsusega kaasnevad riskid ja kohustused, mist\u00f5ttu palume laenutoodete tarbimise vajadus hoolikalt l\u00e4bi m\u00f5elda. N\u00e4iteks 290-eurose laenusumma puhul 12 kuuks fikseeritud intressiga 14.90% aastas ja lepingutasuga 0 eurot on krediidi kulukuse m\u00e4\u00e4r 38.19%, kuumakse suurus 28.67 eurot ning tarbija poolt tagasimakstav kogusumma 344.04 eurot. J\u00e4relmaks on finantskohustus ning enne otsuse tegemist tutvuge p\u00f5hjalikult lepingutingimustega ja vajadusel pidage n\u00f5u ESTO AS t\u00f6\u00f6tajaga v\u00f5i muu asjatundjaga. J\u00e4relmaksu pakub ja haldab ESTO AS.<\/p>\n<h2 class=\"p2\"><b>MIS ON ESTO?<\/b><\/h2>\n<p class=\"p2\">ESTO on finantsteenuseid pakkuv ettev\u00f5te, mille algusaeg ulatub aastasse 2016. Br\u00e4nd sai alguse vajadusest uue generatsiooni makselahenduste j\u00e4rele, mis oleksid sobilikud nii l\u00f5pptarbijale kui ka m\u00fc\u00fcjale. T\u00e4na pakub ESTO k\u00f5ige suuremat valikut erinevaid makselahendusi Baltikumis ning ESTO partnerv\u00f5rgustikku kuulub \u00fcle 2000 koost\u00f6\u00f6partneri ja kaupluse ning \u00fcle 200 000 kliendi.<\/p>\n<p class=\"p3\">Tutvu tingimustega siin: esto.eu\/ee<\/p>\n<p class=\"p3\">Vajadusel kontakteeruge ESTO AS t\u00f6\u00f6tajaga &#8212; <a href=\"mailto:info@esto.ee\"><span class=\"s2\">info@esto.ee<\/span><\/a> v\u00f5i <a href=\"http:\/\/www.esto.ee\"><span class=\"s2\">www.esto.ee<\/span><\/a> LIVE chat-aknas.<\/p>\n","protected":false},"excerpt":{"rendered":"<p><a href=\"https:\/\/pulanna.ee\/ru\/esto-rassrochka\/\" class=\"more-link button\">\u0427\u0438\u0442\u0430\u0442\u044c \u0434\u0430\u043b\u0435\u0435<\/a><\/p>","protected":false},"author":2,"featured_media":0,"parent":0,"menu_order":0,"comment_status":"closed","ping_status":"closed","template":"","meta":{"_acf_changed":false,"footnotes":""},"class_list":["post-23595","page","type-page","status-publish","entry","clearfix"],"acf":[],"_links":{"self":[{"href":"https:\/\/pulanna.ee\/ru\/wp-json\/wp\/v2\/pages\/23595","targetHints":{"allow":["GET"]}}],"collection":[{"href":"https:\/\/pulanna.ee\/ru\/wp-json\/wp\/v2\/pages"}],"about":[{"href":"https:\/\/pulanna.ee\/ru\/wp-json\/wp\/v2\/types\/page"}],"author":[{"embeddable":true,"href":"https:\/\/pulanna.ee\/ru\/wp-json\/wp\/v2\/users\/2"}],"replies":[{"embeddable":true,"href":"https:\/\/pulanna.ee\/ru\/wp-json\/wp\/v2\/comments?post=23595"}],"version-history":[{"count":1,"href":"https:\/\/pulanna.ee\/ru\/wp-json\/wp\/v2\/pages\/23595\/revisions"}],"predecessor-version":[{"id":23596,"href":"https:\/\/pulanna.ee\/ru\/wp-json\/wp\/v2\/pages\/23595\/revisions\/23596"}],"wp:attachment":[{"href":"https:\/\/pulanna.ee\/ru\/wp-json\/wp\/v2\/media?parent=23595"}],"curies":[{"name":"wp","href":"https:\/\/api.w.org\/{rel}","templated":true}]}}