{"id":23599,"date":"2023-03-23T11:09:37","date_gmt":"2023-03-23T09:09:37","guid":{"rendered":"https:\/\/pulanna.ee\/?page_id=23599"},"modified":"2023-03-23T11:09:39","modified_gmt":"2023-03-23T09:09:39","slug":"esto-3-rassrochka","status":"publish","type":"page","link":"https:\/\/pulanna.ee\/ru\/esto-3-rassrochka\/","title":{"rendered":"ESTO 3 \u0440\u0430\u0441\u0441\u0440\u043e\u0447\u043a\u0430"},"content":{"rendered":"\n<p><img loading=\"lazy\" decoding=\"async\" class=\"alignnone wp-image-23581 double-margin\" src=\"https:\/\/pulanna.ee\/app\/uploads\/2023\/03\/esto3-jarlemaks.png\" alt=\"\" width=\"500\" height=\"262\"><\/p>\n<p class=\"p1 lead\">ESTO 3 on uue generatsiooni makseviis, mis v\u00f5imaldab tasuda mugavalt ning kiirelt &#8212; kolmes v\u00f5rdses osas, ilma lisatasudeta!<\/p>\n<p class=\"p1\">Vali e-poe kassas oma ostude eest tasumiseks \u00fclimalt populaarne ESTO 3-osaline makseviis!<\/p>\n<p class=\"p1\">ESTO 3 aitab jagada ostusumma 3-ks v\u00f5rdseks osaks. <\/p>\n<ul class=\"ul1 list-dash\">\n<li class=\"li1\">\u00dchtegi lisatasu ei lisandu<\/li>\n<li class=\"li1\">Lihtsalt kolm v\u00f5rdses osas makset, kolme kuu jooksul<\/li>\n<li class=\"li1\">Esimene makse on alles j\u00e4rgmisel kuul.<\/li>\n<\/ul>\n<p class=\"p1 double-margin\">Makseviisi pakub ja haldab ESTO AS.<\/p>\n<h2 class=\"p5\"><b>MIS ON ESTO?<\/b><\/h2>\n<p class=\"p5\">ESTO on finantsteenuseid pakkuv ettev\u00f5te, mille algusaeg ulatub aastasse 2016. Br\u00e4nd sai alguse vajadusest uue generatsiooni makselahenduste j\u00e4rele, mis oleksid sobilikud nii l\u00f5pptarbijale kui ka m\u00fc\u00fcjale. T\u00e4na pakub ESTO k\u00f5ige suuremat valikut erinevaid makselahendusi Baltikumis ning ESTO partnerv\u00f5rgustikku kuulub \u00fcle 2000 koost\u00f6\u00f6partneri ja kaupluse ning \u00fcle 200 000 kliendi.<\/p>\n<p class=\"p5\">Tutvu tingimustega siin: esto.eu\/ee<\/p>\n<p class=\"p5\">Vajadusel kontakteeruge ESTO AS t\u00f6\u00f6tajaga &#8212; <a href=\"mailto:info@esto.ee\"><span class=\"s1\">info@esto.ee<\/span><\/a> v\u00f5i <a href=\"http:\/\/www.esto.ee\"><span class=\"s1\">www.esto.ee<\/span><\/a> LIVE chat-aknas.<\/p>\n","protected":false},"excerpt":{"rendered":"<p><a href=\"https:\/\/pulanna.ee\/ru\/esto-3-rassrochka\/\" class=\"more-link button\">\u0427\u0438\u0442\u0430\u0442\u044c \u0434\u0430\u043b\u0435\u0435<\/a><\/p>","protected":false},"author":2,"featured_media":0,"parent":0,"menu_order":0,"comment_status":"closed","ping_status":"closed","template":"","meta":{"_acf_changed":false,"footnotes":""},"class_list":["post-23599","page","type-page","status-publish","entry","clearfix"],"acf":[],"_links":{"self":[{"href":"https:\/\/pulanna.ee\/ru\/wp-json\/wp\/v2\/pages\/23599","targetHints":{"allow":["GET"]}}],"collection":[{"href":"https:\/\/pulanna.ee\/ru\/wp-json\/wp\/v2\/pages"}],"about":[{"href":"https:\/\/pulanna.ee\/ru\/wp-json\/wp\/v2\/types\/page"}],"author":[{"embeddable":true,"href":"https:\/\/pulanna.ee\/ru\/wp-json\/wp\/v2\/users\/2"}],"replies":[{"embeddable":true,"href":"https:\/\/pulanna.ee\/ru\/wp-json\/wp\/v2\/comments?post=23599"}],"version-history":[{"count":1,"href":"https:\/\/pulanna.ee\/ru\/wp-json\/wp\/v2\/pages\/23599\/revisions"}],"predecessor-version":[{"id":23600,"href":"https:\/\/pulanna.ee\/ru\/wp-json\/wp\/v2\/pages\/23599\/revisions\/23600"}],"wp:attachment":[{"href":"https:\/\/pulanna.ee\/ru\/wp-json\/wp\/v2\/media?parent=23599"}],"curies":[{"name":"wp","href":"https:\/\/api.w.org\/{rel}","templated":true}]}}